{"id":19856,"date":"2022-02-23T08:46:33","date_gmt":"2022-02-23T06:46:33","guid":{"rendered":"https:\/\/miradorfontfargues.com\/equip\/"},"modified":"2024-11-12T17:01:03","modified_gmt":"2024-11-12T15:01:03","slug":"equip","status":"publish","type":"page","link":"https:\/\/miradorfontfargues.com\/ca\/equip\/","title":{"rendered":"Equip"},"content":{"rendered":"\t\t<div data-elementor-type=\"wp-page\" data-elementor-id=\"19856\" class=\"elementor elementor-19856 elementor-8275\">\n\t\t\t\t\t\t<div class=\"elementor-section elementor-top-section elementor-element elementor-element-60fd7ab elementor-section-stretched elementor-section-boxed elementor-section-height-default elementor-section-height-default\" data-id=\"60fd7ab\" data-element_type=\"section\" data-e-type=\"section\" data-settings=\"{&quot;stretch_section&quot;:&quot;section-stretched&quot;,&quot;background_background&quot;:&quot;classic&quot;}\">\n\t\t\t\t\t\t\t<div class=\"elementor-background-overlay\"><\/div>\n\t\t\t\t\t\t\t<div class=\"elementor-container elementor-column-gap-default\">\n\t\t\t\t\t<div class=\"elementor-column elementor-col-50 elementor-top-column elementor-element elementor-element-94eaf66\" data-id=\"94eaf66\" data-element_type=\"column\" data-e-type=\"column\">\n\t\t\t<div class=\"elementor-widget-wrap elementor-element-populated\">\n\t\t\t\t\t\t<div class=\"elementor-element elementor-element-0a02b7f elementor-widget elementor-widget-image\" data-id=\"0a02b7f\" data-element_type=\"widget\" data-e-type=\"widget\" data-widget_type=\"image.default\">\n\t\t\t\t<div class=\"elementor-widget-container\">\n\t\t\t\t\t\t\t\t\t\t\t\t\t\t\t<img decoding=\"async\" src=\"https:\/\/miradorfontfargues.com\/wp-content\/uploads\/elementor\/thumbs\/DSC_5956-2-qwpjcg7u6i9f4ztt3ttlkofk5szmrbkonmuny8umdu.jpg\" title=\"DSC_5956 2\" alt=\"DSC_5956 2\" loading=\"lazy\" \/>\t\t\t\t\t\t\t\t\t\t\t\t\t\t\t<\/div>\n\t\t\t\t<\/div>\n\t\t\t\t\t<\/div>\n\t\t<\/div>\n\t\t\t\t<div class=\"elementor-column elementor-col-50 elementor-top-column elementor-element elementor-element-41ee5db\" data-id=\"41ee5db\" data-element_type=\"column\" data-e-type=\"column\">\n\t\t\t<div class=\"elementor-widget-wrap elementor-element-populated\">\n\t\t\t\t\t\t<div class=\"elementor-element elementor-element-e85eff4 elementor-widget elementor-widget-section-title\" data-id=\"e85eff4\" data-element_type=\"widget\" data-e-type=\"widget\" data-widget_type=\"section-title.default\">\n\t\t\t\t<div class=\"elementor-widget-container\">\n\t\t\t\t\t<div class=\"pt-section pt-style-1 text-left\">\r\n\t\t\r\n   \t\t \r\n   \t\t<span class=\"pt-section-sub-title\">el mirador<\/span>\r\n   \t   \t\t\t   <h5 class=\"pt-section-title\" >Tracte hum\u00e0 i familiar<\/h5>\r\n\t\t\t   <p class=\"pt-section-description\" >La gent gran pot gaudir d&#039;un entorn acollidor i un tracte hum\u00e0 de la m\u00e0 del nostre equip de professionals qualificats. El seu comprom\u00eds \u00e9s la promoci\u00f3 de l&#039;assist\u00e8ncia personalitzada, la conviv\u00e8ncia, la integraci\u00f3 i la relaci\u00f3 amb el medi social, vetllant en tot moment per la salut i el benestar de les nostres persones usu\u00e0ries. Tot aix\u00f2 en unes instal\u00b7lacions exclusives, dissenyades per a la comoditat i adaptades a les necessitats dels nostres residents i les seves fam\u00edlies.<\/p>\r\n\t\t\r\n<\/div>\t\t\t\t<\/div>\n\t\t\t\t<\/div>\n\t\t\t\t<div class=\"elementor-section elementor-inner-section elementor-element elementor-element-e8494c8 elementor-section-boxed elementor-section-height-default elementor-section-height-default\" data-id=\"e8494c8\" data-element_type=\"section\" data-e-type=\"section\">\n\t\t\t\t\t\t<div class=\"elementor-container elementor-column-gap-default\">\n\t\t\t\t\t<div class=\"elementor-column elementor-col-100 elementor-inner-column elementor-element elementor-element-a4c5ed4\" data-id=\"a4c5ed4\" data-element_type=\"column\" data-e-type=\"column\">\n\t\t\t<div class=\"elementor-widget-wrap elementor-element-populated\">\n\t\t\t\t\t\t<div class=\"elementor-element elementor-element-fc2ff76 elementor-align-start elementor-widget__width-initial elementor-widget-mobile__width-inherit elementor-icon-list--layout-traditional elementor-list-item-link-full_width elementor-widget elementor-widget-icon-list\" data-id=\"fc2ff76\" data-element_type=\"widget\" data-e-type=\"widget\" data-widget_type=\"icon-list.default\">\n\t\t\t\t<div class=\"elementor-widget-container\">\n\t\t\t\t\t\t\t<ul class=\"elementor-icon-list-items\">\n\t\t\t\t\t\t\t<li class=\"elementor-icon-list-item\">\n\t\t\t\t\t\t\t\t\t\t\t<span class=\"elementor-icon-list-icon\">\n\t\t\t\t\t\t\t<i aria-hidden=\"true\" class=\"fas fa-check\"><\/i>\t\t\t\t\t\t<\/span>\n\t\t\t\t\t\t\t\t\t\t<span class=\"elementor-icon-list-text\">ACP<\/span>\n\t\t\t\t\t\t\t\t\t<\/li>\n\t\t\t\t\t\t\t\t<li class=\"elementor-icon-list-item\">\n\t\t\t\t\t\t\t\t\t\t\t<span class=\"elementor-icon-list-icon\">\n\t\t\t\t\t\t\t<i aria-hidden=\"true\" class=\"fas fa-check\"><\/i>\t\t\t\t\t\t<\/span>\n\t\t\t\t\t\t\t\t\t\t<span class=\"elementor-icon-list-text\">Serveis sociosanitaris<\/span>\n\t\t\t\t\t\t\t\t\t<\/li>\n\t\t\t\t\t\t\t\t<li class=\"elementor-icon-list-item\">\n\t\t\t\t\t\t\t\t\t\t\t<span class=\"elementor-icon-list-icon\">\n\t\t\t\t\t\t\t<i aria-hidden=\"true\" class=\"fas fa-check\"><\/i>\t\t\t\t\t\t<\/span>\n\t\t\t\t\t\t\t\t\t\t<span class=\"elementor-icon-list-text\">Assist\u00e8ncia<\/span>\n\t\t\t\t\t\t\t\t\t<\/li>\n\t\t\t\t\t\t<\/ul>\n\t\t\t\t\t\t<\/div>\n\t\t\t\t<\/div>\n\t\t\t\t<div class=\"elementor-element elementor-element-7d98fe4 elementor-align-start elementor-widget__width-initial elementor-widget-mobile__width-inherit elementor-icon-list--layout-traditional elementor-list-item-link-full_width elementor-widget elementor-widget-icon-list\" data-id=\"7d98fe4\" data-element_type=\"widget\" data-e-type=\"widget\" data-widget_type=\"icon-list.default\">\n\t\t\t\t<div class=\"elementor-widget-container\">\n\t\t\t\t\t\t\t<ul class=\"elementor-icon-list-items\">\n\t\t\t\t\t\t\t<li class=\"elementor-icon-list-item\">\n\t\t\t\t\t\t\t\t\t\t\t<span class=\"elementor-icon-list-icon\">\n\t\t\t\t\t\t\t<i aria-hidden=\"true\" class=\"fas fa-check\"><\/i>\t\t\t\t\t\t<\/span>\n\t\t\t\t\t\t\t\t\t\t<span class=\"elementor-icon-list-text\">Activitats<\/span>\n\t\t\t\t\t\t\t\t\t<\/li>\n\t\t\t\t\t\t\t\t<li class=\"elementor-icon-list-item\">\n\t\t\t\t\t\t\t\t\t\t\t<span class=\"elementor-icon-list-icon\">\n\t\t\t\t\t\t\t<i aria-hidden=\"true\" class=\"fas fa-check\"><\/i>\t\t\t\t\t\t<\/span>\n\t\t\t\t\t\t\t\t\t\t<span class=\"elementor-icon-list-text\">Cuina pr\u00f2pia<\/span>\n\t\t\t\t\t\t\t\t\t<\/li>\n\t\t\t\t\t\t\t\t<li class=\"elementor-icon-list-item\">\n\t\t\t\t\t\t\t\t\t\t\t<span class=\"elementor-icon-list-icon\">\n\t\t\t\t\t\t\t<i aria-hidden=\"true\" class=\"fas fa-check\"><\/i>\t\t\t\t\t\t<\/span>\n\t\t\t\t\t\t\t\t\t\t<span class=\"elementor-icon-list-text\">Centre de dia<\/span>\n\t\t\t\t\t\t\t\t\t<\/li>\n\t\t\t\t\t\t<\/ul>\n\t\t\t\t\t\t<\/div>\n\t\t\t\t<\/div>\n\t\t\t\t\t<\/div>\n\t\t<\/div>\n\t\t\t\t\t<\/div>\n\t\t<\/div>\n\t\t\t\t<div class=\"elementor-element elementor-element-0040e59 elementor-widget elementor-widget-button\" data-id=\"0040e59\" data-element_type=\"widget\" data-e-type=\"widget\" data-widget_type=\"button.default\">\n\t\t\t\t<div class=\"elementor-widget-container\">\n\t\t\t\t\t\t\t\t\t<div class=\"elementor-button-wrapper\">\n\t\t\t\t\t<a class=\"elementor-button elementor-button-link elementor-size-sm\" href=\"#profesionales\">\n\t\t\t\t\t\t<span class=\"elementor-button-content-wrapper\">\n\t\t\t\t\t\t<span class=\"elementor-button-icon\">\n\t\t\t\t<i aria-hidden=\"true\" class=\"ion ion-android-arrow-down\"><\/i>\t\t\t<\/span>\n\t\t\t\t\t\t\t\t\t<span class=\"elementor-button-text\">VEURE PROFESSIONALS<\/span>\n\t\t\t\t\t<\/span>\n\t\t\t\t\t<\/a>\n\t\t\t\t<\/div>\n\t\t\t\t\t\t\t\t<\/div>\n\t\t\t\t<\/div>\n\t\t\t\t\t<\/div>\n\t\t<\/div>\n\t\t\t\t\t<\/div>\n\t\t<\/div>\n\t\t\t\t<div class=\"elementor-section elementor-top-section elementor-element elementor-element-e482d85 elementor-section-full_width elementor-section-stretched elementor-section-height-default elementor-section-height-default\" data-id=\"e482d85\" data-element_type=\"section\" data-e-type=\"section\" id=\"profesionales\" data-settings=\"{&quot;stretch_section&quot;:&quot;section-stretched&quot;,&quot;background_background&quot;:&quot;classic&quot;}\">\n\t\t\t\t\t\t\t<div class=\"elementor-background-overlay\"><\/div>\n\t\t\t\t\t\t\t<div class=\"elementor-container elementor-column-gap-default\">\n\t\t\t\t\t<div class=\"elementor-column elementor-col-100 elementor-top-column elementor-element elementor-element-0128304\" data-id=\"0128304\" data-element_type=\"column\" data-e-type=\"column\">\n\t\t\t<div class=\"elementor-widget-wrap elementor-element-populated\">\n\t\t\t\t\t\t<div class=\"elementor-section elementor-inner-section elementor-element elementor-element-af44509 elementor-section-boxed elementor-section-height-default elementor-section-height-default\" data-id=\"af44509\" data-element_type=\"section\" data-e-type=\"section\">\n\t\t\t\t\t\t<div class=\"elementor-container elementor-column-gap-default\">\n\t\t\t\t\t<div class=\"elementor-column elementor-col-100 elementor-inner-column elementor-element elementor-element-ab29ca0\" data-id=\"ab29ca0\" data-element_type=\"column\" data-e-type=\"column\">\n\t\t\t<div class=\"elementor-widget-wrap elementor-element-populated\">\n\t\t\t\t\t\t<div class=\"elementor-element elementor-element-47fff68 elementor-widget elementor-widget-section-title\" data-id=\"47fff68\" data-element_type=\"widget\" data-e-type=\"widget\" data-widget_type=\"section-title.default\">\n\t\t\t\t<div class=\"elementor-widget-container\">\n\t\t\t\t\t<div class=\"pt-section pt-style-1 text-center\">\r\n\t\t\r\n   \t\t \r\n   \t\t<span class=\"pt-section-sub-title\">el nostre equip<\/span>\r\n   \t   \t\t\t   <h5 class=\"pt-section-title\" >Professionals qualificats<\/h5>\r\n\t\t\t\r\n<\/div>\t\t\t\t<\/div>\n\t\t\t\t<\/div>\n\t\t\t\t\t<\/div>\n\t\t<\/div>\n\t\t\t\t\t<\/div>\n\t\t<\/div>\n\t\t\t\t<div class=\"elementor-section elementor-inner-section elementor-element elementor-element-f3f89a3 elementor-section-boxed elementor-section-height-default elementor-section-height-default\" data-id=\"f3f89a3\" data-element_type=\"section\" data-e-type=\"section\">\n\t\t\t\t\t\t<div class=\"elementor-container elementor-column-gap-default\">\n\t\t\t\t\t<div class=\"elementor-column elementor-col-33 elementor-inner-column elementor-element elementor-element-f1c1ba8\" data-id=\"f1c1ba8\" data-element_type=\"column\" data-e-type=\"column\">\n\t\t\t<div class=\"elementor-widget-wrap elementor-element-populated\">\n\t\t\t\t\t\t<div class=\"elementor-element elementor-element-a23b5b3 elementor-widget elementor-widget-fancybox\" data-id=\"a23b5b3\" data-element_type=\"widget\" data-e-type=\"widget\" data-widget_type=\"fancybox.default\">\n\t\t\t\t<div class=\"elementor-widget-container\">\n\t\t\t\t\t<div class=\"pt-fancy-box pt-style-2\">\r\n   <div class=\"pt-fancy-img\">\r\n      <img decoding=\"async\" src=\"https:\/\/miradorfontfargues.com\/wp-content\/uploads\/2024\/11\/equipo-1.jpg\" alt=\"\" >\r\n      <div class=\"pt-fancy-box-icon\">\r\n         <i class=\" flaticon-heartbeat\"><\/i>\r\n      <\/div>\r\n   <\/div>\r\n   <div class=\"pt-fancy-box-info left\">\r\n      <h5 class=\"pt-fancy-box-title\">Personal sanitari<\/h5>\r\n            <p class=\"pt-fancybox-description\"><p class=\"p1\">Atenci\u00f3 m\u00e8dica i servei d&#8217;infermeria 24h tots els dies de l\u00b4any.<\/p><\/p>\r\n              <div class=\"pt-btn-container\">\r\n         <a class=\"pt-button pt-button-link\" >\r\n            <div class=\"pt-button-block\">\r\n               <span class=\"pt-button-text\"><\/span>\r\n               <i class=\"ion ion-plus-round\"><\/i>\r\n            <\/div>\r\n         <\/a>\r\n      <\/div>\r\n   <\/div>\r\n<\/div>\r\n\r\n\r\n\t\t\t\t<\/div>\n\t\t\t\t<\/div>\n\t\t\t\t\t<\/div>\n\t\t<\/div>\n\t\t\t\t<div class=\"elementor-column elementor-col-33 elementor-inner-column elementor-element elementor-element-61e5dc9\" data-id=\"61e5dc9\" data-element_type=\"column\" data-e-type=\"column\">\n\t\t\t<div class=\"elementor-widget-wrap elementor-element-populated\">\n\t\t\t\t\t\t<div class=\"elementor-element elementor-element-05ae437 elementor-widget-mobile__width-inherit elementor-widget elementor-widget-fancybox\" data-id=\"05ae437\" data-element_type=\"widget\" data-e-type=\"widget\" data-widget_type=\"fancybox.default\">\n\t\t\t\t<div class=\"elementor-widget-container\">\n\t\t\t\t\t<div class=\"pt-fancy-box pt-style-2\">\r\n   <div class=\"pt-fancy-img\">\r\n      <img decoding=\"async\" src=\"https:\/\/miradorfontfargues.com\/wp-content\/uploads\/2024\/11\/equipo-5.jpg\" alt=\"\" >\r\n      <div class=\"pt-fancy-box-icon\">\r\n         <i class=\" flaticon-healthcare\"><\/i>\r\n      <\/div>\r\n   <\/div>\r\n   <div class=\"pt-fancy-box-info left\">\r\n      <h5 class=\"pt-fancy-box-title\">Grup Social<\/h5>\r\n            <p class=\"pt-fancybox-description\"><p class=\"p1\">Ter\u00e0pia ocupacional, fisioterapeuta, atenci\u00f3 psicol\u00f2gica, treball social i educaci\u00f3 social.<\/p><\/p>\r\n              <div class=\"pt-btn-container\">\r\n         <a class=\"pt-button pt-button-link\" href=\"#\" >\r\n            <div class=\"pt-button-block\">\r\n               <span class=\"pt-button-text\"><\/span>\r\n               <i class=\"ion ion-plus-round\"><\/i>\r\n            <\/div>\r\n         <\/a>\r\n      <\/div>\r\n   <\/div>\r\n<\/div>\r\n\r\n\r\n\t\t\t\t<\/div>\n\t\t\t\t<\/div>\n\t\t\t\t\t<\/div>\n\t\t<\/div>\n\t\t\t\t<div class=\"elementor-column elementor-col-33 elementor-inner-column elementor-element elementor-element-e61cab6\" data-id=\"e61cab6\" data-element_type=\"column\" data-e-type=\"column\">\n\t\t\t<div class=\"elementor-widget-wrap elementor-element-populated\">\n\t\t\t\t\t\t<div class=\"elementor-element elementor-element-67b2c2c elementor-widget elementor-widget-fancybox\" data-id=\"67b2c2c\" data-element_type=\"widget\" data-e-type=\"widget\" data-widget_type=\"fancybox.default\">\n\t\t\t\t<div class=\"elementor-widget-container\">\n\t\t\t\t\t<div class=\"pt-fancy-box pt-style-2\">\r\n   <div class=\"pt-fancy-img\">\r\n      <img decoding=\"async\" src=\"https:\/\/miradorfontfargues.com\/wp-content\/uploads\/2024\/11\/equipo-3.jpg\" alt=\"\" >\r\n      <div class=\"pt-fancy-box-icon\">\r\n         <i class=\" flaticon-first-aid-box\"><\/i>\r\n      <\/div>\r\n   <\/div>\r\n   <div class=\"pt-fancy-box-info left\">\r\n      <h5 class=\"pt-fancy-box-title\">Gerontologia<\/h5>\r\n            <p class=\"pt-fancybox-description\"><p class=\"p1\">L&#8217;Assist\u00e8ncia Centrada a la Persona \u00e9s la base del nostre model integral d&#8217;atenci\u00f3.<\/p><\/p>\r\n              <div class=\"pt-btn-container\">\r\n         <a class=\"pt-button pt-button-link\" >\r\n            <div class=\"pt-button-block\">\r\n               <span class=\"pt-button-text\"><\/span>\r\n               <i class=\"ion ion-plus-round\"><\/i>\r\n            <\/div>\r\n         <\/a>\r\n      <\/div>\r\n   <\/div>\r\n<\/div>\r\n\r\n\r\n\t\t\t\t<\/div>\n\t\t\t\t<\/div>\n\t\t\t\t\t<\/div>\n\t\t<\/div>\n\t\t\t\t\t<\/div>\n\t\t<\/div>\n\t\t\t\t\t<\/div>\n\t\t<\/div>\n\t\t\t\t\t<\/div>\n\t\t<\/div>\n\t\t\t\t<div class=\"elementor-section elementor-top-section elementor-element elementor-element-e016a1c elementor-section-full_width elementor-section-stretched elementor-section-height-default elementor-section-height-default\" data-id=\"e016a1c\" data-element_type=\"section\" data-e-type=\"section\" data-settings=\"{&quot;stretch_section&quot;:&quot;section-stretched&quot;}\">\n\t\t\t\t\t\t\t<div class=\"elementor-background-overlay\"><\/div>\n\t\t\t\t\t\t\t<div class=\"elementor-container elementor-column-gap-default\">\n\t\t\t\t\t<div class=\"elementor-column elementor-col-100 elementor-top-column elementor-element elementor-element-6625c85\" data-id=\"6625c85\" data-element_type=\"column\" data-e-type=\"column\">\n\t\t\t<div class=\"elementor-widget-wrap elementor-element-populated\">\n\t\t\t\t\t\t<div class=\"elementor-section elementor-inner-section elementor-element elementor-element-ba0d2a7 elementor-section-content-middle elementor-section-boxed elementor-section-height-default elementor-section-height-default\" data-id=\"ba0d2a7\" data-element_type=\"section\" data-e-type=\"section\">\n\t\t\t\t\t\t<div class=\"elementor-container elementor-column-gap-default\">\n\t\t\t\t\t<div class=\"elementor-column elementor-col-100 elementor-inner-column elementor-element elementor-element-ac7704e\" data-id=\"ac7704e\" data-element_type=\"column\" data-e-type=\"column\">\n\t\t\t<div class=\"elementor-widget-wrap elementor-element-populated\">\n\t\t\t\t\t\t<div class=\"elementor-element elementor-element-481eaeb elementor-widget elementor-widget-section-title\" data-id=\"481eaeb\" data-element_type=\"widget\" data-e-type=\"widget\" data-widget_type=\"section-title.default\">\n\t\t\t\t<div class=\"elementor-widget-container\">\n\t\t\t\t\t<div class=\"pt-section pt-style-1 text-center\">\r\n\t\t\r\n   \t\t \r\n   \t\t<span class=\"pt-section-sub-title\">TESTIMONIS<\/span>\r\n   \t   \t\t\t   <h5 class=\"pt-section-title\" >Sobre el nostre equip<\/h5>\r\n\t\t\t\r\n<\/div>\t\t\t\t<\/div>\n\t\t\t\t<\/div>\n\t\t\t\t\t<\/div>\n\t\t<\/div>\n\t\t\t\t\t<\/div>\n\t\t<\/div>\n\t\t\t\t<div class=\"elementor-section elementor-inner-section elementor-element elementor-element-81d210c elementor-section-content-middle elementor-section-boxed elementor-section-height-default elementor-section-height-default\" data-id=\"81d210c\" data-element_type=\"section\" data-e-type=\"section\">\n\t\t\t\t\t\t<div class=\"elementor-container elementor-column-gap-default\">\n\t\t\t\t\t<div class=\"elementor-column elementor-col-100 elementor-inner-column elementor-element elementor-element-68b4f74\" data-id=\"68b4f74\" data-element_type=\"column\" data-e-type=\"column\">\n\t\t\t<div class=\"elementor-widget-wrap elementor-element-populated\">\n\t\t\t\t\t\t<div class=\"elementor-element elementor-element-b00a60b pt-testimonial-border elementor-widget elementor-widget-testimonial\" data-id=\"b00a60b\" data-element_type=\"widget\" data-e-type=\"widget\" data-widget_type=\"testimonial.default\">\n\t\t\t\t<div class=\"elementor-widget-container\">\n\t\t\t\t\t\r\n    <div class=\"pt-testimonial pt-testimonial-style-1 \">\r\n     <div class=\"owl-carousel\" data-dots=\"true\" data-nav=\"false\" data-desk_num=\"2\" data-lap_num=\"2\" data-tab_num=\"1\" data-mob_num=\"1\" data-mob_sm=\"1\" data-autoplay=\"true\" data-loop=\"false\" data-margin=\"30\">\r\n                 <div class=\"item\">\r\n            <div class=\"pt-testimonial-box pt-style-1\">\r\n                 <div class=\"pt-testimonial-info\">\r\n                    <div class=\"pt-testimonial-content\">\r\n                      <p><p>Felicito tot el personal, per la seva gesti\u00f3 i l&#8217;afecte amb qu\u00e8 tracteu els residents. La meva mare nom\u00e9s fa 2 mesos que viu a la resid\u00e8ncia i ha fet un canvi molt gran, est\u00e0 tranquil\u00b7la i feli\u00e7.<\/p><\/p>\r\n                    <\/div>\r\n                  <\/div>\r\n                 <div class=\"pt-testimonial-media\">\r\n                    <div class=\"pt-testimonial-img\">\r\n                       <img decoding=\"async\" src=\"https:\/\/miradorfontfargues.com\/wp-content\/uploads\/2023\/05\/logo500x500.jpg\" alt=\"testimonial-image\">\r\n                    <\/div>\r\n                      <div class=\"pt-testimonial-meta\">\r\n\r\n                      <h5>Magda Codina Bofill<\/h5>\r\n                       <span>Google<\/span>\r\n                       <\/div>\r\n\r\n                       <div class=\"pt-testimonial-icon\">\r\n                        <i class=\"fas fa-quote-right\"><\/i>\r\n                      <\/div>\r\n                  <\/div>\r\n              <\/div>\r\n          <\/div>\r\n\r\n                   <div class=\"item\">\r\n            <div class=\"pt-testimonial-box pt-style-1\">\r\n                 <div class=\"pt-testimonial-info\">\r\n                    <div class=\"pt-testimonial-content\">\r\n                      <p><p>La meva mare i la meva germana estan molt ben cuidades en aquesta resid\u00e8ncia, molt net, acollidor i, millor, el tracte de tot el personal amb els residents. De les millors resid\u00e8ncies de Barcelona.<\/p><\/p>\r\n                    <\/div>\r\n                  <\/div>\r\n                 <div class=\"pt-testimonial-media\">\r\n                    <div class=\"pt-testimonial-img\">\r\n                       <img decoding=\"async\" src=\"https:\/\/miradorfontfargues.com\/wp-content\/uploads\/2023\/05\/logo500x500.jpg\" alt=\"testimonial-image\">\r\n                    <\/div>\r\n                      <div class=\"pt-testimonial-meta\">\r\n\r\n                      <h5>Gladis<\/h5>\r\n                       <span>Google<\/span>\r\n                       <\/div>\r\n\r\n                       <div class=\"pt-testimonial-icon\">\r\n                        <i class=\"fas fa-quote-right\"><\/i>\r\n                      <\/div>\r\n                  <\/div>\r\n              <\/div>\r\n          <\/div>\r\n\r\n                   <div class=\"item\">\r\n            <div class=\"pt-testimonial-box pt-style-1\">\r\n                 <div class=\"pt-testimonial-info\">\r\n                    <div class=\"pt-testimonial-content\">\r\n                      <p><p>La meva \u00e0via fa 11 anys que \u00e9s a la resid\u00e8ncia. Nom\u00e9s tenim paraules d\u00b4agra\u00efment pel tracte hum\u00e0, afectu\u00f3s, professional i familiar de tot el personal cap a la meva \u00e0via.<\/p><\/p>\r\n                    <\/div>\r\n                  <\/div>\r\n                 <div class=\"pt-testimonial-media\">\r\n                    <div class=\"pt-testimonial-img\">\r\n                       <img decoding=\"async\" src=\"https:\/\/miradorfontfargues.com\/wp-content\/uploads\/2023\/05\/logo500x500.jpg\" alt=\"testimonial-image\">\r\n                    <\/div>\r\n                      <div class=\"pt-testimonial-meta\">\r\n\r\n                      <h5>Carolina Peidro<\/h5>\r\n                       <span>Google<\/span>\r\n                       <\/div>\r\n\r\n                       <div class=\"pt-testimonial-icon\">\r\n                        <i class=\"fas fa-quote-right\"><\/i>\r\n                      <\/div>\r\n                  <\/div>\r\n              <\/div>\r\n          <\/div>\r\n\r\n                   <div class=\"item\">\r\n            <div class=\"pt-testimonial-box pt-style-1\">\r\n                 <div class=\"pt-testimonial-info\">\r\n                    <div class=\"pt-testimonial-content\">\r\n                      <p><div class=\"jxjCjc\"><div class=\"gQfZge\"><div class=\"BgXiYe\"><div><div class=\"Jtu6Td\">Mil gr\u00e0cies per cuidar els nostres quan nosaltres no podem. Tot i la seva dem\u00e8ncia, la meva iaia segueix tenint llum gr\u00e0cies a com la tracten en aquest centre.<\/div><\/div><\/div><\/div><\/div><\/p>\r\n                    <\/div>\r\n                  <\/div>\r\n                 <div class=\"pt-testimonial-media\">\r\n                    <div class=\"pt-testimonial-img\">\r\n                       <img decoding=\"async\" src=\"https:\/\/miradorfontfargues.com\/wp-content\/uploads\/2023\/05\/logo500x500.jpg\" alt=\"testimonial-image\">\r\n                    <\/div>\r\n                      <div class=\"pt-testimonial-meta\">\r\n\r\n                      <h5>Desi<\/h5>\r\n                       <span>Google<\/span>\r\n                       <\/div>\r\n\r\n                       <div class=\"pt-testimonial-icon\">\r\n                        <i class=\"fas fa-quote-right\"><\/i>\r\n                      <\/div>\r\n                  <\/div>\r\n              <\/div>\r\n          <\/div>\r\n\r\n         \r\n  <\/div>\r\n\r\n<\/div>\r\n\r\n\r\n\t\t\t\t<\/div>\n\t\t\t\t<\/div>\n\t\t\t\t\t<\/div>\n\t\t<\/div>\n\t\t\t\t\t<\/div>\n\t\t<\/div>\n\t\t\t\t\t<\/div>\n\t\t<\/div>\n\t\t\t\t\t<\/div>\n\t\t<\/div>\n\t\t\t\t<\/div>\n\t\t","protected":false},"excerpt":{"rendered":"<p>el mirador Tracte hum\u00e0 i familiar La gent gran pot gaudir d&#039;un entorn acollidor i un tracte hum\u00e0 de la m\u00e0 del nostre equip de professionals qualificats. El seu comprom\u00eds \u00e9s la promoci\u00f3 de l&#039;assist\u00e8ncia personalitzada, la conviv\u00e8ncia, la integraci\u00f3 i la relaci\u00f3 amb el medi social, vetllant en tot moment per la salut i [&hellip;]<\/p>\n","protected":false},"author":1,"featured_media":0,"parent":0,"menu_order":0,"comment_status":"closed","ping_status":"closed","template":"","meta":{"_acf_changed":false,"_themeisle_gutenberg_block_has_review":false,"footnotes":""},"class_list":["post-19856","page","type-page","status-publish","hentry"],"acf":[],"_links":{"self":[{"href":"https:\/\/miradorfontfargues.com\/ca\/wp-json\/wp\/v2\/pages\/19856","targetHints":{"allow":["GET"]}}],"collection":[{"href":"https:\/\/miradorfontfargues.com\/ca\/wp-json\/wp\/v2\/pages"}],"about":[{"href":"https:\/\/miradorfontfargues.com\/ca\/wp-json\/wp\/v2\/types\/page"}],"author":[{"embeddable":true,"href":"https:\/\/miradorfontfargues.com\/ca\/wp-json\/wp\/v2\/users\/1"}],"replies":[{"embeddable":true,"href":"https:\/\/miradorfontfargues.com\/ca\/wp-json\/wp\/v2\/comments?post=19856"}],"version-history":[{"count":10,"href":"https:\/\/miradorfontfargues.com\/ca\/wp-json\/wp\/v2\/pages\/19856\/revisions"}],"predecessor-version":[{"id":20980,"href":"https:\/\/miradorfontfargues.com\/ca\/wp-json\/wp\/v2\/pages\/19856\/revisions\/20980"}],"wp:attachment":[{"href":"https:\/\/miradorfontfargues.com\/ca\/wp-json\/wp\/v2\/media?parent=19856"}],"curies":[{"name":"wp","href":"https:\/\/api.w.org\/{rel}","templated":true}]}}