{"id":19803,"date":"2023-05-18T16:09:01","date_gmt":"2023-05-18T14:09:01","guid":{"rendered":"https:\/\/miradorfontfargues.com\/avis-legal\/"},"modified":"2023-05-19T22:35:32","modified_gmt":"2023-05-19T20:35:32","slug":"avis-legal","status":"publish","type":"page","link":"https:\/\/miradorfontfargues.com\/ca\/avis-legal\/","title":{"rendered":"Av\u00eds legal"},"content":{"rendered":"\t\t<div data-elementor-type=\"wp-page\" data-elementor-id=\"19803\" class=\"elementor elementor-19803 elementor-18930\">\n\t\t\t\t\t\t<section class=\"elementor-section elementor-top-section elementor-element elementor-element-7dc72d6 elementor-section-boxed elementor-section-height-default elementor-section-height-default\" data-id=\"7dc72d6\" data-element_type=\"section\" data-e-type=\"section\">\n\t\t\t\t\t\t<div class=\"elementor-container elementor-column-gap-default\">\n\t\t\t\t\t<div class=\"elementor-column elementor-col-100 elementor-top-column elementor-element elementor-element-639984de\" data-id=\"639984de\" data-element_type=\"column\" data-e-type=\"column\">\n\t\t\t<div class=\"elementor-widget-wrap elementor-element-populated\">\n\t\t\t\t\t\t<div class=\"elementor-element elementor-element-a25f38c elementor-widget elementor-widget-text-editor\" data-id=\"a25f38c\" data-element_type=\"widget\" data-e-type=\"widget\" data-widget_type=\"text-editor.default\">\n\t\t\t\t<div class=\"elementor-widget-container\">\n\t\t\t\t\t\t\t\t\t\n          \n          \n\n          <p class=\"p1\">\n            <b>IDENTIFICACI\u00d3 I TITULARITAT<\/b>\n          <\/p>\n          \n\n          <p class=\"p2\">En compliment de larticle 10 de la Llei 34\/2002, de 11 de juliol, de Serveis de la Societat de la Informaci\u00f3 i Comer\u00e7 Electr\u00f2nic, a continuaci\u00f3 sexposen les dades identificatives del titular.<\/p>\n          \n\n          <ul class=\"ul1\">\n            \n\n            <li class=\"li3\">\n              <span class=\"s1\">Titular: MIRADOR DE FONT D&#8217;EN FARGUES SL<\/span>\n            <\/li>\n            \n\n            <li class=\"li3\">\n              <span class=\"s1\">NIF\/CIF: B63901425<\/span>\n            <\/li>\n            \n\n            <li class=\"li3\">\n              <span class=\"s1\">Domicili: C\/Gallecs 14-16, 08032 Barcelona <\/span>\n            <\/li>\n            \n\n            <li class=\"li4\">\n              <span class=\"s1\">Correu electr\u00f2nic: direccio@miradorfontfargues.com<\/span>\n            <\/li>\n            \n\n          <\/ul>\n          \n\n          <p class=\"p1\">\n            <b>FINALITAT<\/b>\n          <\/p>\n          \n\n          <p class=\"p2\">La finalitat del lloc web www.miradorfontfargues.com \u00e9s la informaci\u00f3 per a clients i possibles clients de la resid\u00e8ncia i del centre de dia.<\/p>\n          \n\n          <p class=\"p1\">\n            <b>CONDICIONS D&#8217;\u00daS<\/b>\n          <\/p>\n          \n\n          <p class=\"p2\">La simple i mera utilitzaci\u00f3 de la p\u00e0gina web atorga la condici\u00f3 d&#8217;usuari de la p\u00e0gina, b\u00e9 sigui persona f\u00edsica o jur\u00eddica, i obligat\u00f2riament implica l&#8217;acceptaci\u00f3 completa, plena i sense reserves de totes i cadascuna de les cl\u00e0usules i condicions generals incloses al Av\u00eds Legal. Si l&#8217;Usuari no est\u00e0 conforme amb les cl\u00e0usules i condicions d&#8217;\u00fas d&#8217;aquest Av\u00eds Legal, caldr\u00e0 utilitzar la p\u00e0gina Web.<\/p>\n          \n\n          <p class=\"p2\">L&#8217;usuari queda informat, i accepta, que l&#8217;acc\u00e9s a la present web no suposa, de cap manera, l&#8217;inici d&#8217;una relaci\u00f3 comercial amb MIRADOR DE FONT D&#8217;EN FARGUES SL.<\/p>\n          \n\n          <p class=\"p2\">A trav\u00e9s de la p\u00e0gina web, el MIRADOR DE FONT D&#8217;EN FARGUES SL facilita als usuaris l&#8217;acc\u00e9s i la utilitzaci\u00f3 de diversos continguts publicats per mitj\u00e0 d&#8217;Internet.<\/p>\n          \n\n          <p class=\"p2\">A aquest efecte, l&#8217;Usuari s&#8217;obliga i es compromet a NO utilitzar qualsevol dels Continguts amb fins o efectes il\u00b7l\u00edcits, prohibits a l&#8217;Av\u00eds Legal o per la legislaci\u00f3 vigent, lesius dels drets i interessos de tercers, o que de qualsevol manera puguin danyar, inutilitzar, sobrecarregar, deteriorar o impedir la utilitzaci\u00f3 normal dels continguts, els equips inform\u00e0tics o els documents, arxius i tota mena de continguts emmagatzemats en qualsevol equip inform\u00e0tic propis o contractats per MIRADOR DE FONT D&#8217;EN FARGUES SL, d&#8217;altres Usuaris o de qualsevol usuari dInternet (hardware i software).<\/p>\n          \n\n          <p class=\"p1\">\n            <b>MESURES DE SEGURETAT<\/b>\n          <\/p>\n          \n\n          <p class=\"p2\">Les dades personals comunicades per l&#8217;usuari a MIRADOR DE FONT D&#8217;EN FARGUES SL poden ser emmagatzemades en bases de dades automatitzades o no, la titularitat de les quals correspon en exclusiva a MIRADOR DE FONT D&#8217;EN FARGUES SL, assumint aquesta totes les mesures d&#8217;\u00edndole t\u00e8cnica , organitzativa i de seguretat que garanteixen la confidencialitat, integritat i qualitat de la informaci\u00f3 que cont\u00e9 d&#8217;acord amb el que estableix la normativa vigent en protecci\u00f3 de dades.<\/p>\n          \n\n          <p class=\"p2\">Tot i aix\u00f2, l&#8217;usuari ha de ser conscient que les mesures de seguretat dels sistemes inform\u00e0tics a Internet no s\u00f3n enterament fiables i que, per tant MIRADOR DE FONT D&#8217;EN FARGUES SL no pot garantir la inexist\u00e8ncia de codi malici\u00f3s o altres elements que puguin produir alteracions en els sistemes inform\u00e0tics (programari i maquinari) de l&#8217;usuari o en els seus documents electr\u00f2nics i fitxers que cont\u00e9 encara que es posen tots els mitjans necessaris i les mesures de seguretat oportunes per evitar la pres\u00e8ncia d&#8217;aquests elements nocius.<\/p>\n          \n\n          <p class=\"p1\">\n            <b>DADES PERSONALS QUE RECAVEM I COM HO FEM<\/b>\n          <\/p>\n          \n\n          <p class=\"p2\">Pots consultar tota la informaci\u00f3 relativa a les dades personals que recollim a la p\u00e0gina de <a href=\"https:\/\/residenciacoloma.com\/politica-privacidad\/\"><span class=\"s2\"><b>pol\u00edtica de privadesa<\/b><\/span><\/a> <b>.<\/b><\/p>\n          \n\n          <p class=\"p1\">\n            <b>CONTINGUTS<\/b>\n          <\/p>\n          \n\n          <p class=\"p2\">MIRADOR DE FONT D&#8217;EN FARGUES SL ha obtingut la informaci\u00f3 i els materials inclosos a la Web de fonts considerades com a fiables, per\u00f2, si b\u00e9 s&#8217;han pres mesures raonables per assegurar-se que la informaci\u00f3 continguda sigui correcta, MIRADOR DE FONT D&#8217;EN FARGUES SL no garanteix que sigui exacta, completa o actualitzada. MIRADOR DE FONT D&#8217;EN FARGUES SL declina expressament qualsevol responsabilitat per error o omissi\u00f3 a la Informaci\u00f3 continguda a les p\u00e0gines d&#8217;aquesta Web.<\/p>\n          \n\n          <p class=\"p2\">Queda prohibit transmetre o enviar a trav\u00e9s del web qualsevol contingut il\u00b7legal o il\u00b7l\u00edcit, virus inform\u00e0tics, o missatges que, en general, afectin o violin drets de MIRADOR DE FONT D&#8217;EN FARGUES SL o de tercers.<\/p>\n          \n\n          <p class=\"p2\">Els continguts d&#8217;aquesta Web tenen \u00fanicament finalitat informativa i, en cap cas, s&#8217;han d&#8217;usar ni considerar com a oferta de venda, sol\u00b7licitud d&#8217;una oferta de compra ni recomanaci\u00f3 per realitzar qualsevol altra operaci\u00f3, llevat que aix\u00ed s&#8217;indiqui expressament.<\/p>\n          \n\n          <p class=\"p2\">MIRADOR DE FONT D&#8217;EN FARGUES SL es reserva el dret a modificar, suspendre, cancel\u00b7lar o restringir el contingut de la web, els vincles o la informaci\u00f3 obtinguda a trav\u00e9s d&#8217;aquesta, sense necessitat de previ av\u00eds.<\/p>\n          \n\n          <p class=\"p2\">MIRADOR DE FONT D&#8217;EN FARGUES SL no \u00e9s responsable de les dades i els perjudicis que es puguin derivar de la utilitzaci\u00f3 dels documents per l&#8217;usuari receptor.<\/p>\n          \n\n          <p class=\"p1\">\n            <b>ENLLA\u00c7OS D&#8217;ACC\u00c9S A ALTRES LLOCS WEB<\/b>\n          <\/p>\n          \n\n          <p class=\"p2\">MIRADOR DE FONT D&#8217;EN FARGUES SL proporciona a l&#8217;usuari l&#8217;acc\u00e9s a altres llocs web de terceres persones mitjan\u00e7ant links (enlla\u00e7os) amb la finalitat exclusiva d&#8217;informar-vos sobre l&#8217;exist\u00e8ncia d&#8217;altres fonts d&#8217;informaci\u00f3 a Internet amb les quals podreu ampliar les dades que es us ofereixen en aquest lloc web.<\/p>\n          \n\n          <p class=\"p2\">Aquests enlla\u00e7os a altres llocs web no suposen en cap cas un suggeriment o recomanaci\u00f3 de visitar les p\u00e0gines web de destinaci\u00f3, que es troben fora del control de MIRADOR DE FONT D&#8217;EN FARGUES SL, per la qual cosa MIRADOR DE FONT D&#8217;EN FARGUES SL no \u00e9s responsable del contingut dels llocs web vinculats ni del resultat obtingut per l&#8217;usuari mitjan\u00e7ant aquests enlla\u00e7os hipertextuals.<\/p>\n          \n\n          <p class=\"p2\">Aix\u00ed mateix, MIRADOR DE FONT D&#8217;EN FARGUES SL no respon dels links o enlla\u00e7os ubicats als llocs vinculats als quals proporciona acc\u00e9s.<\/p>\n          \n\n          <p class=\"p1\">\n            <b>PROPIETAT INTEL\u00b7LECTUAL I INDUSTRIAL<\/b>\n          <\/p>\n          \n\n          <p class=\"p2\">Tots els drets estan reservats. Tot acc\u00e9s a aquesta p\u00e0gina web est\u00e0 subjecte a les condicions seg\u00fcents: la reproducci\u00f3, emmagatzematge permanent i la difusi\u00f3 dels continguts o qualsevol altre \u00fas que tingui finalitat p\u00fablica o comercial queda expressament prohibida sense el consentiment previ expr\u00e9s i per escrit de MIRADOR DE FONT D &#8216;EN FARGUES SL.<\/p>\n          \n\n          <p class=\"p1\">\n            <b>LIMITACI\u00d3 DE RESPONSABILITAT<\/b>\n          <\/p>\n          \n\n          <p class=\"p2\">La informaci\u00f3 i els serveis inclosos o disponibles a trav\u00e9s del lloc <a href=\"https:\/\/residenciacoloma.com\/\"><span class=\"s2\">www.residenciacoloma.com<\/span><\/a> poden incloure incorreccions o errors tipogr\u00e0fics. Peri\u00f2dicament s&#8217;incorporen canvis a la informaci\u00f3 continguda. MIRADOR DE FONT D&#8217;EN FARGUES SL pot introduir en qualsevol moment millores i\/o canvis als serveis o continguts.<\/p>\n          \n\n          <p class=\"p2\">MIRADOR DE FONT D&#8217;EN FARGUES SL declina qualsevol responsabilitat en cas que hi hagi interrupcions o un mal funcionament dels serveis o continguts oferts a Internet, sigui quina sigui la seva causa. Aix\u00ed mateix, MIRADOR DE FONT D&#8217;EN FARGUES SL no es fa responsable per caigudes de la xarxa, p\u00e8rdues de negoci a conseq\u00fc\u00e8ncia d&#8217;aquestes caigudes, suspensions temporals de fluid el\u00e8ctric o qualsevol altre tipus de dany indirecte que pugui causar als Usuaris causes alienes a MIRADOR DE FONT D&#8217;EN FARGUES SL<\/p>\n          \n\n          <p class=\"p2\">MIRADOR DE FONT D&#8217;EN FARGUES SL no declara ni garanteix que els serveis o continguts siguin interromputs o que estiguin lliures d&#8217;errors, que els defectes siguin corregits, o que el servei o el servidor que el posa a disposici\u00f3 estiguin lliures de virus o d&#8217;altres components nocius sense perjudici que MIRADOR DE FONT D&#8217;EN FARGUES SL realitza els seus millors esfor\u00e7os per evitar aquest tipus d&#8217;incidents. En cas que l&#8217;Usuari prengu\u00e9s determinades decisions o realitz\u00e9s accions sobre la base de la informaci\u00f3 inclosa en qualsevol dels llocs web, es recomana la comprovaci\u00f3 de la informaci\u00f3 rebuda amb altres fonts.<\/p>\n          \n\n          <p class=\"p1\">\n            <b>DRET D&#8217;EXCLUSI\u00d3<\/b>\n          <\/p>\n          \n\n          <p class=\"p2\">MIRADOR DE FONT D&#8217;EN FARGUES SL es reserva el dret a denegar o retirar l&#8217;acc\u00e9s a portal i\/o els serveis oferts sense necessitat de preav\u00eds, a inst\u00e0ncia pr\u00f2pia o d&#8217;un tercer, a aquells usuaris que incompleixin les presents Condicions Generals d&#8217;\u00das .<\/p>\n          \n\n          <p class=\"p1\">\n            <b>JURISDICCI\u00d3<\/b>\n          <\/p>\n          \n\n          <p class=\"p2\">Per a totes les q\u00fcestions que se suscitin sobre la interpretaci\u00f3, l&#8217;aplicaci\u00f3 i el compliment d&#8217;aquest Av\u00eds Legal, aix\u00ed com de les reclamacions que es puguin derivar del seu \u00fas, totes les parts intervinents se sotmeten als Jutges i Tribunals de la prov\u00edncia de Barcelona, renunciant de manera expressa a qualsevol altre fur que els pogu\u00e9s correspondre.<\/p>\n          \n\n          <p class=\"p1\">\n            <b>CONTACTE<\/b>\n          <\/p>\n          \n\n          <p class=\"p5\">En cas que qualsevol usuari tingu\u00e9s algun dubte sobre aquestes Condicions legals o qualsevol comentari sobre el portal <a href=\"https:\/\/residenciacoloma.com\/\"><span class=\"s2\">www.residenciacoloma.com<\/span><\/a> , pot enviar un correu a direccio@miradorfontfargues.com.<\/p>\n          \n\n          \n        \t\t\t\t\t\t\t\t<\/div>\n\t\t\t\t<\/div>\n\t\t\t\t\t<\/div>\n\t\t<\/div>\n\t\t\t\t\t<\/div>\n\t\t<\/section>\n\t\t\t\t<\/div>\n\t\t","protected":false},"excerpt":{"rendered":"<p>IDENTIFICACI\u00d3 I TITULARITAT En compliment de larticle 10 de la Llei 34\/2002, de 11 de juliol, de Serveis de la Societat de la Informaci\u00f3 i Comer\u00e7 Electr\u00f2nic, a continuaci\u00f3 sexposen les dades identificatives del titular. Titular: MIRADOR DE FONT D&#8217;EN FARGUES SL NIF\/CIF: B63901425 Domicili: C\/Gallecs 14-16, 08032 Barcelona Correu electr\u00f2nic: direccio@miradorfontfargues.com FINALITAT La finalitat [&hellip;]<\/p>\n","protected":false},"author":1,"featured_media":0,"parent":0,"menu_order":0,"comment_status":"closed","ping_status":"closed","template":"","meta":{"_acf_changed":false,"_themeisle_gutenberg_block_has_review":false,"footnotes":""},"class_list":["post-19803","page","type-page","status-publish","hentry"],"acf":[],"_links":{"self":[{"href":"https:\/\/miradorfontfargues.com\/ca\/wp-json\/wp\/v2\/pages\/19803","targetHints":{"allow":["GET"]}}],"collection":[{"href":"https:\/\/miradorfontfargues.com\/ca\/wp-json\/wp\/v2\/pages"}],"about":[{"href":"https:\/\/miradorfontfargues.com\/ca\/wp-json\/wp\/v2\/types\/page"}],"author":[{"embeddable":true,"href":"https:\/\/miradorfontfargues.com\/ca\/wp-json\/wp\/v2\/users\/1"}],"replies":[{"embeddable":true,"href":"https:\/\/miradorfontfargues.com\/ca\/wp-json\/wp\/v2\/comments?post=19803"}],"version-history":[{"count":3,"href":"https:\/\/miradorfontfargues.com\/ca\/wp-json\/wp\/v2\/pages\/19803\/revisions"}],"predecessor-version":[{"id":20018,"href":"https:\/\/miradorfontfargues.com\/ca\/wp-json\/wp\/v2\/pages\/19803\/revisions\/20018"}],"wp:attachment":[{"href":"https:\/\/miradorfontfargues.com\/ca\/wp-json\/wp\/v2\/media?parent=19803"}],"curies":[{"name":"wp","href":"https:\/\/api.w.org\/{rel}","templated":true}]}}