{"id":19791,"date":"2023-05-18T16:09:54","date_gmt":"2023-05-18T14:09:54","guid":{"rendered":"https:\/\/miradorfontfargues.com\/politica-de-cookies\/"},"modified":"2023-05-18T21:46:17","modified_gmt":"2023-05-18T19:46:17","slug":"politica-de-cookies","status":"publish","type":"page","link":"https:\/\/miradorfontfargues.com\/ca\/politica-de-cookies\/","title":{"rendered":"Pol\u00edtica de cookies"},"content":{"rendered":"\t\t<div data-elementor-type=\"wp-page\" data-elementor-id=\"19791\" class=\"elementor elementor-19791 elementor-18935\">\n\t\t\t\t\t\t<section class=\"elementor-section elementor-top-section elementor-element elementor-element-7dc72d6 elementor-section-boxed elementor-section-height-default elementor-section-height-default\" data-id=\"7dc72d6\" data-element_type=\"section\" data-e-type=\"section\">\n\t\t\t\t\t\t<div class=\"elementor-container elementor-column-gap-default\">\n\t\t\t\t\t<div class=\"elementor-column elementor-col-100 elementor-top-column elementor-element elementor-element-639984de\" data-id=\"639984de\" data-element_type=\"column\" data-e-type=\"column\">\n\t\t\t<div class=\"elementor-widget-wrap elementor-element-populated\">\n\t\t\t\t\t\t<div class=\"elementor-element elementor-element-a25f38c elementor-widget elementor-widget-text-editor\" data-id=\"a25f38c\" data-element_type=\"widget\" data-e-type=\"widget\" data-widget_type=\"text-editor.default\">\n\t\t\t\t<div class=\"elementor-widget-container\">\n\t\t\t\t\t\t\t\t\t\n<p class=\"p1\">El lloc web www.miradorfontfargues.com utilitza cookies.<\/p>\n<p class=\"p1\">En compliment del que disposa l&#8217;article 22.2 de la Llei 34\/2002, d&#8217;11 de juliol, de Serveis de la Societat de la Informaci\u00f3 i de Comer\u00e7 Electr\u00f2nic, aquesta p\u00e0gina web us informa, en aquesta secci\u00f3, sobre la pol\u00edtica de recollida i tractament de galetes.<\/p>\n<p class=\"p2\">QU\u00c8 S\u00d3N LES COOKIES?<\/p>\n<p class=\"p1\">Una galeta \u00e9s un fitxer que es descarrega al vostre ordinador en accedir a determinades p\u00e0gines web. Les galetes permeten a una p\u00e0gina web, entre altres coses, emmagatzemar i recuperar informaci\u00f3 sobre els h\u00e0bits de navegaci\u00f3 d&#8217;un usuari o del seu equip i, depenent de la informaci\u00f3 que continguin i de la manera com utilitzi el seu equip, es poden utilitzar per recon\u00e8ixer a l&#8217;usuari.<\/p>\n<p class=\"p2\">QUINS TIPUS DE COOKIES UTILITZA AQUESTA P\u00c0GINA WEB?<\/p>\n<p class=\"p1\">El lloc web www.miradorfontfargues.com utilitza els seg\u00fcents tipus de cookies:<\/p>\n<ul class=\"ul1\">\n<li class=\"li3\"><b><\/b><span class=\"s1\"><b>Cookies d&#8217;an\u00e0lisi:<\/b> S\u00f3n aquelles que ben tractades per nosaltres o per tercers, ens permeten quantificar el nombre d&#8217;usuaris i aix\u00ed realitzar el mesurament i l&#8217;an\u00e0lisi estad\u00edstica de la utilitzaci\u00f3 que fan els usuaris del servei ofert. Per aix\u00f2 s&#8217;analitza la vostra navegaci\u00f3 a la nostra p\u00e0gina web per tal de millorar l&#8217;oferta de productes o serveis que us oferim.<\/span><\/li>\n<li class=\"li3\"><b><\/b><span class=\"s1\"><b>Cookies t\u00e8cniques:<\/b> S\u00f3n aquelles que permeten a l&#8217;usuari la navegaci\u00f3 a trav\u00e9s de l&#8217;\u00e0rea restringida i la utilitzaci\u00f3 de les diferents funcions, com per exemple, portar a canvi el proc\u00e9s de compra d&#8217;un article.<\/span><\/li>\n<li class=\"li3\"><b><\/b><span class=\"s1\"><b>Galetes de personalitzaci\u00f3:<\/b> S\u00f3n aquelles que permeten a l&#8217;usuari accedir al servei amb algunes caracter\u00edstiques de car\u00e0cter general predefinides en funci\u00f3 d&#8217;una s\u00e8rie de criteris al terminal de l&#8217;usuari com ara serien l&#8217;idioma o el tipus de navegador a trav\u00e9s del qual es connecta al servei.<\/span><\/li>\n<li class=\"li3\"><b><\/b><span class=\"s1\"><b>Cookies publicit\u00e0ries: <\/b>S\u00f3n aquelles que, ben tractades per aquesta web o per tercers, permeten gestionar de la manera m\u00e9s efica\u00e7 possible l&#8217;oferta dels espais publicitaris que hi ha a la p\u00e0gina web, adequant el contingut de l&#8217;anunci al contingut del servei sol\u00b7licitat oa l&#8217;\u00fas que realitzeu de la nostra p\u00e0gina web. Per aix\u00f2 podem analitzar els seus h\u00e0bits de navegaci\u00f3 a Internet i podem mostrar publicitat relacionada amb el seu perfil de navegaci\u00f3.<\/span><\/li>\n<li class=\"li4\"><b><\/b><span class=\"s1\"><b>Galetes de publicitat comportamental:<\/b> S\u00f3n aquelles que permeten la gesti\u00f3, de la manera m\u00e9s efica\u00e7 possible, dels espais publicitaris que, si escau, l&#8217;editor hagi incl\u00f2s en una p\u00e0gina web, aplicaci\u00f3 o plataforma des de la qual presta el servei sol\u00b7licitat. Aquest tipus de galetes emmagatzemen informaci\u00f3 del comportament dels visitants obtinguda a trav\u00e9s de l&#8217;observaci\u00f3 continuada dels seus h\u00e0bits de navegaci\u00f3, cosa que permet desenvolupar un perfil espec\u00edfic per mostrar avisos publicitaris en funci\u00f3 del mateix.<\/span><\/li>\n<\/ul>\n<p class=\"p2\">DESACTIVAR LES COOKIES<\/p>\n<p class=\"p1\">Podeu permetre, bloquejar o eliminar les cookies instal\u00b7lades al vostre equip mitjan\u00e7ant la configuraci\u00f3 de les opcions del navegador instal\u00b7lat al vostre ordinador.<\/p>\n<p class=\"p1\">A la majoria dels navegadors web s&#8217;ofereix la possibilitat de permetre, bloquejar o eliminar les cookies instal\u00b7lades al vostre equip.<\/p>\n<p class=\"p1\">A continuaci\u00f3 podeu accedir a la configuraci\u00f3 dels navegadors webs m\u00e9s freq\u00fcents per acceptar, instal\u00b7lar o desactivar les cookies:<\/p>\n<ul class=\"ul1\">\n<li class=\"li5\"><b><\/b><span class=\"s3\"><b>Firefox<\/b> <a href=\"http:\/\/support.mozilla.org\/es\/kb\/habilitar-y-deshabilitar-cookies-que-los-sitios-we\"><span class=\"s4\">http:\/\/support.mozilla.org\/ca\/kb\/habilitar-y-deshabilitar-cookies-que-los-sitios-we<\/span><\/a><\/span><\/li>\n<li class=\"li5\"><b><\/b><span class=\"s3\"><b>Safari<\/b> <a href=\"http:\/\/support.apple.com\/kb\/HT1677?viewlocale=es_ES\"><span class=\"s4\">http:\/\/support.apple.com\/kb\/HT1677?viewlocale=ca_ES<\/span><\/a><\/span><\/li>\n<li class=\"li6\"><b><\/b><span class=\"s3\"><b>Google Chrome<\/b> <a href=\"https:\/\/support.google.com\/chrome\/answer\/95647?hl=es\"><span class=\"s4\">https:\/\/support.google.com\/chrome\/answer\/95647?hl=ca<\/span><\/a><\/span><\/li>\n<\/ul>\n<p class=\"p2\">COOKIES DE TERCERS<\/p>\n<p class=\"p1\">En concret, fem servir els serveis de Google Adsense i de Google Analytics per a les nostres estad\u00edstiques i publicitat. Algunes galetes s\u00f3n essencials per al funcionament del lloc, per exemple el cercador incorporat.<\/p>\n<p class=\"p1\">El nostre lloc inclou altres funcionalitats proporcionades per tercers. Vost\u00e8 pot f\u00e0cilment compartir el contingut a xarxes socials com Facebook, Twitter o Google +, amb els botons que hem incl\u00f2s a aquest efecte.<\/p>\n<p class=\"p2\">ADVERT\u00c8NCIA SOBRE ELIMINAR COOKIES<\/p>\n<p class=\"p1\">Vost\u00e8 pot eliminar i bloquejar totes les galetes d&#8217;aquest lloc, per\u00f2 part del lloc no funcionar\u00e0 o la qualitat de la p\u00e0gina web es pot veure afectada.<\/p>\n<p class=\"p7\">Si teniu qualsevol dubte sobre la nostra pol\u00edtica de cookies, podeu contactar amb aquesta p\u00e0gina web a trav\u00e9s de l&#8217;adre\u00e7a de correu electr\u00f2nic direccio@miradorfontfargues.com.<\/p>\n\t\t\t\t\t\t\t\t<\/div>\n\t\t\t\t<\/div>\n\t\t\t\t\t<\/div>\n\t\t<\/div>\n\t\t\t\t\t<\/div>\n\t\t<\/section>\n\t\t\t\t<\/div>\n\t\t","protected":false},"excerpt":{"rendered":"<p>El lloc web www.miradorfontfargues.com utilitza cookies. En compliment del que disposa l&#8217;article 22.2 de la Llei 34\/2002, d&#8217;11 de juliol, de Serveis de la Societat de la Informaci\u00f3 i de Comer\u00e7 Electr\u00f2nic, aquesta p\u00e0gina web us informa, en aquesta secci\u00f3, sobre la pol\u00edtica de recollida i tractament de galetes. QU\u00c8 S\u00d3N LES COOKIES? Una galeta [&hellip;]<\/p>\n","protected":false},"author":1,"featured_media":0,"parent":0,"menu_order":0,"comment_status":"closed","ping_status":"closed","template":"","meta":{"_acf_changed":false,"_themeisle_gutenberg_block_has_review":false,"footnotes":""},"class_list":["post-19791","page","type-page","status-publish","hentry"],"acf":[],"_links":{"self":[{"href":"https:\/\/miradorfontfargues.com\/ca\/wp-json\/wp\/v2\/pages\/19791","targetHints":{"allow":["GET"]}}],"collection":[{"href":"https:\/\/miradorfontfargues.com\/ca\/wp-json\/wp\/v2\/pages"}],"about":[{"href":"https:\/\/miradorfontfargues.com\/ca\/wp-json\/wp\/v2\/types\/page"}],"author":[{"embeddable":true,"href":"https:\/\/miradorfontfargues.com\/ca\/wp-json\/wp\/v2\/users\/1"}],"replies":[{"embeddable":true,"href":"https:\/\/miradorfontfargues.com\/ca\/wp-json\/wp\/v2\/comments?post=19791"}],"version-history":[{"count":2,"href":"https:\/\/miradorfontfargues.com\/ca\/wp-json\/wp\/v2\/pages\/19791\/revisions"}],"predecessor-version":[{"id":19798,"href":"https:\/\/miradorfontfargues.com\/ca\/wp-json\/wp\/v2\/pages\/19791\/revisions\/19798"}],"wp:attachment":[{"href":"https:\/\/miradorfontfargues.com\/ca\/wp-json\/wp\/v2\/media?parent=19791"}],"curies":[{"name":"wp","href":"https:\/\/api.w.org\/{rel}","templated":true}]}}